{"id":285,"date":"2024-03-10T12:00:37","date_gmt":"2024-03-10T10:00:37","guid":{"rendered":"https:\/\/saleinaz.cas-neuchatel.ch\/?page_id=285"},"modified":"2024-03-10T13:59:52","modified_gmt":"2024-03-10T11:59:52","slug":"la-cabane-infos","status":"publish","type":"page","link":"https:\/\/saleinaz.cas-neuchatel.ch\/?page_id=285","title":{"rendered":"La cabane &#8211; Infos"},"content":{"rendered":"\t\t<div data-elementor-type=\"wp-page\" data-elementor-id=\"285\" class=\"elementor elementor-285\">\n\t\t\t\t<div class=\"elementor-element elementor-element-9f7f851 e-flex e-con-boxed e-con e-parent\" data-id=\"9f7f851\" data-element_type=\"container\" data-e-type=\"container\">\n\t\t\t\t\t<div class=\"e-con-inner\">\n\t\t<div class=\"elementor-element elementor-element-a81e90f e-flex e-con-boxed e-con e-child\" data-id=\"a81e90f\" data-element_type=\"container\" data-e-type=\"container\">\n\t\t\t\t\t<div class=\"e-con-inner\">\n\t\t\t\t<div class=\"elementor-element elementor-element-bc7ebfe elementor-widget elementor-widget-heading\" data-id=\"bc7ebfe\" data-element_type=\"widget\" data-e-type=\"widget\" data-widget_type=\"heading.default\">\n\t\t\t\t<div class=\"elementor-widget-container\">\n\t\t\t\t\t<h2 class=\"elementor-heading-title elementor-size-default\">Infos<\/h2>\t\t\t\t<\/div>\n\t\t\t\t<\/div>\n\t\t\t\t\t<\/div>\n\t\t\t\t<\/div>\n\t\t\t\t\t<\/div>\n\t\t\t\t<\/div>\n\t\t<div class=\"elementor-element elementor-element-21ec122 e-flex e-con-boxed e-con e-parent\" data-id=\"21ec122\" data-element_type=\"container\" data-e-type=\"container\">\n\t\t\t\t\t<div class=\"e-con-inner\">\n\t\t\t\t<div class=\"elementor-element elementor-element-42058da elementor-widget elementor-widget-spacer\" data-id=\"42058da\" data-element_type=\"widget\" data-e-type=\"widget\" data-widget_type=\"spacer.default\">\n\t\t\t\t<div class=\"elementor-widget-container\">\n\t\t\t\t\t\t\t<div class=\"elementor-spacer\">\n\t\t\t<div class=\"elementor-spacer-inner\"><\/div>\n\t\t<\/div>\n\t\t\t\t\t\t<\/div>\n\t\t\t\t<\/div>\n\t\t\t\t\t<\/div>\n\t\t\t\t<\/div>\n\t\t<div class=\"elementor-element elementor-element-27ce827 e-flex e-con-boxed e-con e-parent\" data-id=\"27ce827\" data-element_type=\"container\" data-e-type=\"container\">\n\t\t\t\t\t<div class=\"e-con-inner\">\n\t\t\t\t<div class=\"elementor-element elementor-element-353485e elementor-widget elementor-widget-text-editor\" data-id=\"353485e\" data-element_type=\"widget\" data-e-type=\"widget\" data-widget_type=\"text-editor.default\">\n\t\t\t\t<div class=\"elementor-widget-container\">\n\t\t\t\t\t\t\t\t\t<p>Situ\u00e9e \u00e0 2691 m\u00e8tres, le long du glacier de Saleinaz et en face de l\u2019Aiguille d\u2019Argenti\u00e8re, entre le Val Ferret et le Plateau du glaciaire du Trient, la cabane de Saleinaz (souvent orthographi\u00e9e avec un \u00ab z \u00bb Saleinaz, comme sur les cartes Dufour ou Siegfried) vous attend pour d\u00e9couvrir une paysage magnifique et inoubliable.<\/p><p>Propri\u00e9t\u00e9 de la Section neuch\u00e2teloise du CAS, avec la particularit\u00e9 d\u2019\u00eatre gardienn\u00e9e par les membres du club, la cabane vous offre un accueil tout \u00e0 fait particulier et chaleureux.<\/p><p>Comme but d\u2019une randonn\u00e9e \u00e0 la journ\u00e9e, pour une nuit, pour plusieurs jours de d\u00e9couvertes des sommets alentour ou comme refuge d\u2019\u00e9tape sur la Haute Route, 48 places confortables vous attendent.<\/p><p>Depuis l\u2019\u00e9t\u00e9 2013, l\u2019acc\u00e8s a encore \u00e9t\u00e9 am\u00e9lior\u00e9 et des marches en fer, de type via ferrata, vous permettent de passer le secteur des dalles d\u2019une mani\u00e8re grandement facilit\u00e9e et s\u00e9curisante.<\/p>\t\t\t\t\t\t\t\t<\/div>\n\t\t\t\t<\/div>\n\t\t\t\t\t<\/div>\n\t\t\t\t<\/div>\n\t\t<div class=\"elementor-element elementor-element-c0633dd e-flex e-con-boxed e-con e-parent\" data-id=\"c0633dd\" data-element_type=\"container\" data-e-type=\"container\">\n\t\t\t\t\t<div class=\"e-con-inner\">\n\t\t<div class=\"elementor-element elementor-element-7110922 e-con-full e-flex e-con e-child\" data-id=\"7110922\" data-element_type=\"container\" data-e-type=\"container\">\n\t\t\t\t<div class=\"elementor-element elementor-element-0941349 elementor-widget elementor-widget-text-editor\" data-id=\"0941349\" data-element_type=\"widget\" data-e-type=\"widget\" data-widget_type=\"text-editor.default\">\n\t\t\t\t<div class=\"elementor-widget-container\">\n\t\t\t\t\t\t\t\t\t<p><strong>Altitude<\/strong><br \/>2691 m\u00e8tres<\/p><p><strong>Coordonn\u00e9es<\/strong><br \/>571.450 \/ 091.710 [swisstopo]<\/p><p><strong>Cartes nationales<\/strong><br \/>CN 1 :50&rsquo;000 Martigny 282<br \/>CN 1 :25&rsquo;000 Orsi\u00e8res 1345<\/p><p><strong>Couchettes<\/strong><br \/>48 places (22 hors gardiennage)<br \/>4 dortoirs, duvets<\/p>\t\t\t\t\t\t\t\t<\/div>\n\t\t\t\t<\/div>\n\t\t\t\t<\/div>\n\t\t<div class=\"elementor-element elementor-element-a3befa2 e-con-full e-flex e-con e-child\" data-id=\"a3befa2\" data-element_type=\"container\" data-e-type=\"container\">\n\t\t\t\t<div class=\"elementor-element elementor-element-c30741f elementor-widget elementor-widget-image\" data-id=\"c30741f\" data-element_type=\"widget\" data-e-type=\"widget\" data-widget_type=\"image.default\">\n\t\t\t\t<div class=\"elementor-widget-container\">\n\t\t\t\t\t\t\t\t\t\t\t\t\t\t\t<img fetchpriority=\"high\" decoding=\"async\" width=\"740\" height=\"555\" src=\"https:\/\/saleinaz.cas-neuchatel.ch\/wp-content\/uploads\/2024\/03\/001_sud.jpg\" class=\"attachment-large size-large wp-image-294\" alt=\"\" srcset=\"https:\/\/saleinaz.cas-neuchatel.ch\/wp-content\/uploads\/2024\/03\/001_sud.jpg 800w, https:\/\/saleinaz.cas-neuchatel.ch\/wp-content\/uploads\/2024\/03\/001_sud-300x225.jpg 300w, https:\/\/saleinaz.cas-neuchatel.ch\/wp-content\/uploads\/2024\/03\/001_sud-768x576.jpg 768w\" sizes=\"100vw\" \/>\t\t\t\t\t\t\t\t\t\t\t\t\t\t\t<\/div>\n\t\t\t\t<\/div>\n\t\t\t\t<\/div>\n\t\t\t\t\t<\/div>\n\t\t\t\t<\/div>\n\t\t<div class=\"elementor-element elementor-element-da82612 e-flex e-con-boxed e-con e-parent\" data-id=\"da82612\" data-element_type=\"container\" data-e-type=\"container\">\n\t\t\t\t\t<div class=\"e-con-inner\">\n\t\t\t\t<div class=\"elementor-element elementor-element-d96622a elementor-widget elementor-widget-spacer\" data-id=\"d96622a\" data-element_type=\"widget\" data-e-type=\"widget\" data-widget_type=\"spacer.default\">\n\t\t\t\t<div class=\"elementor-widget-container\">\n\t\t\t\t\t\t\t<div class=\"elementor-spacer\">\n\t\t\t<div class=\"elementor-spacer-inner\"><\/div>\n\t\t<\/div>\n\t\t\t\t\t\t<\/div>\n\t\t\t\t<\/div>\n\t\t\t\t\t<\/div>\n\t\t\t\t<\/div>\n\t\t<div class=\"elementor-element elementor-element-a3c7f92 e-flex e-con-boxed e-con e-parent\" data-id=\"a3c7f92\" data-element_type=\"container\" data-e-type=\"container\">\n\t\t\t\t\t<div class=\"e-con-inner\">\n\t\t<div class=\"elementor-element elementor-element-47ec1ac e-flex e-con-boxed e-con e-child\" data-id=\"47ec1ac\" data-element_type=\"container\" data-e-type=\"container\">\n\t\t\t\t\t<div class=\"e-con-inner\">\n\t\t\t\t<div class=\"elementor-element elementor-element-27771d8 elementor-widget elementor-widget-heading\" data-id=\"27771d8\" data-element_type=\"widget\" data-e-type=\"widget\" data-widget_type=\"heading.default\">\n\t\t\t\t<div class=\"elementor-widget-container\">\n\t\t\t\t\t<h2 class=\"elementor-heading-title elementor-size-default\">Histoire<\/h2>\t\t\t\t<\/div>\n\t\t\t\t<\/div>\n\t\t\t\t\t<\/div>\n\t\t\t\t<\/div>\n\t\t\t\t\t<\/div>\n\t\t\t\t<\/div>\n\t\t<div class=\"elementor-element elementor-element-c7c74e5 e-flex e-con-boxed e-con e-parent\" data-id=\"c7c74e5\" data-element_type=\"container\" data-e-type=\"container\">\n\t\t\t\t\t<div class=\"e-con-inner\">\n\t\t\t\t<div class=\"elementor-element elementor-element-5af5991 elementor-widget elementor-widget-spacer\" data-id=\"5af5991\" data-element_type=\"widget\" data-e-type=\"widget\" data-widget_type=\"spacer.default\">\n\t\t\t\t<div class=\"elementor-widget-container\">\n\t\t\t\t\t\t\t<div class=\"elementor-spacer\">\n\t\t\t<div class=\"elementor-spacer-inner\"><\/div>\n\t\t<\/div>\n\t\t\t\t\t\t<\/div>\n\t\t\t\t<\/div>\n\t\t\t\t\t<\/div>\n\t\t\t\t<\/div>\n\t\t<div class=\"elementor-element elementor-element-0b89566 e-flex e-con-boxed e-con e-parent\" data-id=\"0b89566\" data-element_type=\"container\" data-e-type=\"container\">\n\t\t\t\t\t<div class=\"e-con-inner\">\n\t\t<div class=\"elementor-element elementor-element-64db5b5 e-con-full e-flex e-con e-child\" data-id=\"64db5b5\" data-element_type=\"container\" data-e-type=\"container\">\n\t\t\t\t<div class=\"elementor-element elementor-element-b5db9ef elementor-widget elementor-widget-text-editor\" data-id=\"b5db9ef\" data-element_type=\"widget\" data-e-type=\"widget\" data-widget_type=\"text-editor.default\">\n\t\t\t\t<div class=\"elementor-widget-container\">\n\t\t\t\t\t\t\t\t\t<p>Les premi\u00e8res discussions dans le Club de Neuch\u00e2tel concernant une cabane dans les Alpes d\u00e9but\u00e8rent en f\u00e9vrier 1891. Tr\u00e8s anim\u00e9es, les PV de l\u2019\u00e9poque rappellent les d\u00e9bats engag\u00e9s pour choisir le site. Saleinaz, mentionn\u00e9 d\u00e8s la premi\u00e8re s\u00e9ance du 8 f\u00e9vrier 1891 remporte la d\u00e9cision le 29 ao\u00fbt 1892. Il est dit du site : \u00abIl est \u00e0 la fois abrit\u00e9, grandiose et extraordinairement propice aux excursions\u00bb.<\/p>\t\t\t\t\t\t\t\t<\/div>\n\t\t\t\t<\/div>\n\t\t\t\t<\/div>\n\t\t<div class=\"elementor-element elementor-element-9b38bbe e-con-full e-flex e-con e-child\" data-id=\"9b38bbe\" data-element_type=\"container\" data-e-type=\"container\">\n\t\t\t\t<div class=\"elementor-element elementor-element-688d26c elementor-widget elementor-widget-image\" data-id=\"688d26c\" data-element_type=\"widget\" data-e-type=\"widget\" data-widget_type=\"image.default\">\n\t\t\t\t<div class=\"elementor-widget-container\">\n\t\t\t\t\t\t\t\t\t\t\t\t\t\t\t<img decoding=\"async\" width=\"240\" height=\"116\" src=\"https:\/\/saleinaz.cas-neuchatel.ch\/wp-content\/uploads\/2024\/03\/Saleinaz_histoire_3_WEB.jpg\" class=\"attachment-large size-large wp-image-311\" alt=\"\" sizes=\"100vw\" \/>\t\t\t\t\t\t\t\t\t\t\t\t\t\t\t<\/div>\n\t\t\t\t<\/div>\n\t\t\t\t<\/div>\n\t\t<div class=\"elementor-element elementor-element-3b53f78 e-con-full e-flex e-con e-child\" data-id=\"3b53f78\" data-element_type=\"container\" data-e-type=\"container\">\n\t\t\t\t<div class=\"elementor-element elementor-element-4c759a3 elementor-widget elementor-widget-text-editor\" data-id=\"4c759a3\" data-element_type=\"widget\" data-e-type=\"widget\" data-widget_type=\"text-editor.default\">\n\t\t\t\t<div class=\"elementor-widget-container\">\n\t\t\t\t\t\t\t\t\t<p>La cabane fut construite durant l\u2019ann\u00e9e 1893. Elle a \u00e9t\u00e9 d&rsquo;abord expos\u00e9e sur le chantier de l&rsquo;entreprise D\u00e9coppet \u00e0 Neuch\u00e2tel avant d&rsquo;\u00eatre d\u00e9mont\u00e9e et transport\u00e9e en train jusqu&rsquo;\u00e0 Martigny, puis en char jusqu&rsquo;\u00e0 Praz-de-Fort et enfin \u00e0 dos d&rsquo;hommes jusque sur son emplacement o\u00f9 elle est inaugur\u00e9e le 16 juillet et confi\u00e9e \u00e0 la surveillance du guide Fran\u00e7ois Biselx. Quelques ann\u00e9es plus tard, on s&rsquo;aper\u00e7ut que l&rsquo;on avait fait trop petit et on songea \u00e0 proc\u00e9der \u00e0 des agrandissements. La premi\u00e8re solution qu&rsquo;on envisagea, fut de couper la paroi sud et d&rsquo;y accoler un nouveau corps de b\u00e2timent.<\/p>\t\t\t\t\t\t\t\t<\/div>\n\t\t\t\t<\/div>\n\t\t\t\t<\/div>\n\t\t<div class=\"elementor-element elementor-element-70f953d e-con-full e-flex e-con e-child\" data-id=\"70f953d\" data-element_type=\"container\" data-e-type=\"container\">\n\t\t\t\t<div class=\"elementor-element elementor-element-d366f34 elementor-widget elementor-widget-image\" data-id=\"d366f34\" data-element_type=\"widget\" data-e-type=\"widget\" data-widget_type=\"image.default\">\n\t\t\t\t<div class=\"elementor-widget-container\">\n\t\t\t\t\t\t\t\t\t\t\t\t\t\t\t<img decoding=\"async\" width=\"240\" height=\"156\" src=\"https:\/\/saleinaz.cas-neuchatel.ch\/wp-content\/uploads\/2024\/03\/Saleinaz_histoire_1_WEB.jpg\" class=\"attachment-large size-large wp-image-309\" alt=\"\" sizes=\"100vw\" \/>\t\t\t\t\t\t\t\t\t\t\t\t\t\t\t<\/div>\n\t\t\t\t<\/div>\n\t\t\t\t<\/div>\n\t\t<div class=\"elementor-element elementor-element-da06dbf e-con-full e-flex e-con e-child\" data-id=\"da06dbf\" data-element_type=\"container\" data-e-type=\"container\">\n\t\t\t\t<div class=\"elementor-element elementor-element-e09a3db elementor-widget elementor-widget-image\" data-id=\"e09a3db\" data-element_type=\"widget\" data-e-type=\"widget\" data-widget_type=\"image.default\">\n\t\t\t\t<div class=\"elementor-widget-container\">\n\t\t\t\t\t\t\t\t\t\t\t\t\t\t\t<img loading=\"lazy\" decoding=\"async\" width=\"740\" height=\"419\" src=\"https:\/\/saleinaz.cas-neuchatel.ch\/wp-content\/uploads\/2024\/03\/Saleinaz_histoire_2_WEB-1024x580.jpg\" class=\"attachment-large size-large wp-image-310\" alt=\"\" srcset=\"https:\/\/saleinaz.cas-neuchatel.ch\/wp-content\/uploads\/2024\/03\/Saleinaz_histoire_2_WEB-1024x580.jpg 1024w, https:\/\/saleinaz.cas-neuchatel.ch\/wp-content\/uploads\/2024\/03\/Saleinaz_histoire_2_WEB-300x170.jpg 300w, https:\/\/saleinaz.cas-neuchatel.ch\/wp-content\/uploads\/2024\/03\/Saleinaz_histoire_2_WEB-768x435.jpg 768w, https:\/\/saleinaz.cas-neuchatel.ch\/wp-content\/uploads\/2024\/03\/Saleinaz_histoire_2_WEB.jpg 1324w\" sizes=\"100vw\" \/>\t\t\t\t\t\t\t\t\t\t\t\t\t\t\t<\/div>\n\t\t\t\t<\/div>\n\t\t\t\t<\/div>\n\t\t<div class=\"elementor-element elementor-element-6da09d9 e-con-full e-flex e-con e-child\" data-id=\"6da09d9\" data-element_type=\"container\" data-e-type=\"container\">\n\t\t\t\t<div class=\"elementor-element elementor-element-d8cd44f elementor-widget elementor-widget-text-editor\" data-id=\"d8cd44f\" data-element_type=\"widget\" data-e-type=\"widget\" data-widget_type=\"text-editor.default\">\n\t\t\t\t<div class=\"elementor-widget-container\">\n\t\t\t\t\t\t\t\t\t<p>Cette mani\u00e8re de voir ne fut pas, d&rsquo;une mani\u00e8re g\u00e9n\u00e9rale, accueillie favorablement. Il fut d\u00e9cid\u00e9, en fin de compte, sur la proposition de M. Edmond Sandoz, de construire une seconde maison tout \u00e0 fait ind\u00e9pendante, dans la projection de la cabane d\u00e9j\u00e0 existante, les deux portes devant se faire vis-\u00e0-vis. Quand le besoin s&rsquo;en ferait sentir, on r\u00e9unirait les deux cabanes en une seule. La deuxi\u00e8me cabane fut pr\u00e9par\u00e9e en 1903; elle fut mont\u00e9e et inaugur\u00e9e en ao\u00fbt de la m\u00eame ann\u00e9e. Les deux maisons furent r\u00e9unies au cours de l\u2019ann\u00e9e 1905 d\u00e9j\u00e0.<\/p>\t\t\t\t\t\t\t\t<\/div>\n\t\t\t\t<\/div>\n\t\t\t\t<\/div>\n\t\t\t\t\t<\/div>\n\t\t\t\t<\/div>\n\t\t\t\t<\/div>\n\t\t","protected":false},"excerpt":{"rendered":"<p>Infos Situ\u00e9e \u00e0 2691 m\u00e8tres, le long du glacier de Saleinaz et en face de l\u2019Aiguille d\u2019Argenti\u00e8re, entre le Val Ferret et le Plateau du glaciaire du Trient, la cabane de Saleinaz (souvent orthographi\u00e9e avec un \u00ab z \u00bb Saleinaz, comme sur les cartes Dufour ou Siegfried) vous attend pour d\u00e9couvrir une paysage magnifique et &hellip; <\/p>\n<p class=\"link-more\"><a href=\"https:\/\/saleinaz.cas-neuchatel.ch\/?page_id=285\" class=\"more-link\">Continuer la lecture<span class=\"screen-reader-text\"> de &laquo;&nbsp;La cabane &#8211; Infos&nbsp;&raquo;<\/span><\/a><\/p>\n","protected":false},"author":1,"featured_media":0,"parent":0,"menu_order":0,"comment_status":"closed","ping_status":"closed","template":"","meta":{"footnotes":""},"class_list":["post-285","page","type-page","status-publish","hentry"],"_links":{"self":[{"href":"https:\/\/saleinaz.cas-neuchatel.ch\/index.php?rest_route=\/wp\/v2\/pages\/285","targetHints":{"allow":["GET"]}}],"collection":[{"href":"https:\/\/saleinaz.cas-neuchatel.ch\/index.php?rest_route=\/wp\/v2\/pages"}],"about":[{"href":"https:\/\/saleinaz.cas-neuchatel.ch\/index.php?rest_route=\/wp\/v2\/types\/page"}],"author":[{"embeddable":true,"href":"https:\/\/saleinaz.cas-neuchatel.ch\/index.php?rest_route=\/wp\/v2\/users\/1"}],"replies":[{"embeddable":true,"href":"https:\/\/saleinaz.cas-neuchatel.ch\/index.php?rest_route=%2Fwp%2Fv2%2Fcomments&post=285"}],"version-history":[{"count":16,"href":"https:\/\/saleinaz.cas-neuchatel.ch\/index.php?rest_route=\/wp\/v2\/pages\/285\/revisions"}],"predecessor-version":[{"id":354,"href":"https:\/\/saleinaz.cas-neuchatel.ch\/index.php?rest_route=\/wp\/v2\/pages\/285\/revisions\/354"}],"wp:attachment":[{"href":"https:\/\/saleinaz.cas-neuchatel.ch\/index.php?rest_route=%2Fwp%2Fv2%2Fmedia&parent=285"}],"curies":[{"name":"wp","href":"https:\/\/api.w.org\/{rel}","templated":true}]}}