{"id":159,"date":"2023-10-02T20:48:51","date_gmt":"2023-10-02T18:48:51","guid":{"rendered":"https:\/\/saleinaz.cas-neuchatel.ch\/?page_id=159"},"modified":"2024-03-16T11:16:16","modified_gmt":"2024-03-16T09:16:16","slug":"la-cabane","status":"publish","type":"page","link":"https:\/\/saleinaz.cas-neuchatel.ch\/?page_id=159","title":{"rendered":"La cabane &#8211; Team &#038; Gardiennage"},"content":{"rendered":"\t\t<div data-elementor-type=\"wp-page\" data-elementor-id=\"159\" class=\"elementor elementor-159\">\n\t\t\t\t<div class=\"elementor-element elementor-element-d6be667 e-flex e-con-boxed e-con e-parent\" data-id=\"d6be667\" data-element_type=\"container\" data-e-type=\"container\">\n\t\t\t\t\t<div class=\"e-con-inner\">\n\t\t\t\t<div class=\"elementor-element elementor-element-69f703f elementor-widget elementor-widget-heading\" data-id=\"69f703f\" data-element_type=\"widget\" data-e-type=\"widget\" data-widget_type=\"heading.default\">\n\t\t\t\t<div class=\"elementor-widget-container\">\n\t\t\t\t\t<h2 class=\"elementor-heading-title elementor-size-default\">Team<\/h2>\t\t\t\t<\/div>\n\t\t\t\t<\/div>\n\t\t\t\t\t<\/div>\n\t\t\t\t<\/div>\n\t\t<div class=\"elementor-element elementor-element-7a2f0ca e-flex e-con-boxed e-con e-parent\" data-id=\"7a2f0ca\" data-element_type=\"container\" data-e-type=\"container\">\n\t\t\t\t\t<div class=\"e-con-inner\">\n\t\t\t\t<div class=\"elementor-element elementor-element-e5e1d52 elementor-widget elementor-widget-spacer\" data-id=\"e5e1d52\" data-element_type=\"widget\" data-e-type=\"widget\" data-widget_type=\"spacer.default\">\n\t\t\t\t<div class=\"elementor-widget-container\">\n\t\t\t\t\t\t\t<div class=\"elementor-spacer\">\n\t\t\t<div class=\"elementor-spacer-inner\"><\/div>\n\t\t<\/div>\n\t\t\t\t\t\t<\/div>\n\t\t\t\t<\/div>\n\t\t\t\t\t<\/div>\n\t\t\t\t<\/div>\n\t\t<div class=\"elementor-element elementor-element-81d53f7 e-flex e-con-boxed e-con e-parent\" data-id=\"81d53f7\" data-element_type=\"container\" data-e-type=\"container\">\n\t\t\t\t\t<div class=\"e-con-inner\">\n\t\t<div class=\"elementor-element elementor-element-526d064 e-con-full e-flex e-con e-child\" data-id=\"526d064\" data-element_type=\"container\" data-e-type=\"container\">\n\t\t\t\t<div class=\"elementor-element elementor-element-d72e76c elementor-widget elementor-widget-text-editor\" data-id=\"d72e76c\" data-element_type=\"widget\" data-e-type=\"widget\" data-widget_type=\"text-editor.default\">\n\t\t\t\t<div class=\"elementor-widget-container\">\n\t\t\t\t\t\t\t\t\t<p><strong><br \/>Pr\u00e9pos\u00e9<\/strong><\/p><p>Michel Abplanalp<\/p>\t\t\t\t\t\t\t\t<\/div>\n\t\t\t\t<\/div>\n\t\t\t\t<\/div>\n\t\t<div class=\"elementor-element elementor-element-51c2330 e-con-full e-flex e-con e-child\" data-id=\"51c2330\" data-element_type=\"container\" data-e-type=\"container\">\n\t\t\t\t<div class=\"elementor-element elementor-element-34405f2 elementor-widget elementor-widget-text-editor\" data-id=\"34405f2\" data-element_type=\"widget\" data-e-type=\"widget\" data-widget_type=\"text-editor.default\">\n\t\t\t\t<div class=\"elementor-widget-container\">\n\t\t\t\t\t\t\t\t\t<p><strong><br \/>Responsable \u00e9conomat<\/strong><\/p><p>Annick Lovey<\/p>\t\t\t\t\t\t\t\t<\/div>\n\t\t\t\t<\/div>\n\t\t\t\t<\/div>\n\t\t<div class=\"elementor-element elementor-element-203f2e4 e-con-full e-flex e-con e-child\" data-id=\"203f2e4\" data-element_type=\"container\" data-e-type=\"container\">\n\t\t\t\t<div class=\"elementor-element elementor-element-497cf61 elementor-widget elementor-widget-text-editor\" data-id=\"497cf61\" data-element_type=\"widget\" data-e-type=\"widget\" data-widget_type=\"text-editor.default\">\n\t\t\t\t<div class=\"elementor-widget-container\">\n\t\t\t\t\t\t\t\t\t<p><strong><br \/>Responsable technique<\/strong><\/p><p>Jacques Bedoy<\/p>\t\t\t\t\t\t\t\t<\/div>\n\t\t\t\t<\/div>\n\t\t\t\t<\/div>\n\t\t\t\t\t<\/div>\n\t\t\t\t<\/div>\n\t\t<div class=\"elementor-element elementor-element-25960e1 e-flex e-con-boxed e-con e-parent\" data-id=\"25960e1\" data-element_type=\"container\" data-e-type=\"container\">\n\t\t\t\t\t<div class=\"e-con-inner\">\n\t\t\t\t<div class=\"elementor-element elementor-element-cdfde71 elementor-widget elementor-widget-spacer\" data-id=\"cdfde71\" data-element_type=\"widget\" data-e-type=\"widget\" data-widget_type=\"spacer.default\">\n\t\t\t\t<div class=\"elementor-widget-container\">\n\t\t\t\t\t\t\t<div class=\"elementor-spacer\">\n\t\t\t<div class=\"elementor-spacer-inner\"><\/div>\n\t\t<\/div>\n\t\t\t\t\t\t<\/div>\n\t\t\t\t<\/div>\n\t\t\t\t\t<\/div>\n\t\t\t\t<\/div>\n\t\t<div class=\"elementor-element elementor-element-421a38a e-flex e-con-boxed e-con e-parent\" data-id=\"421a38a\" data-element_type=\"container\" data-e-type=\"container\">\n\t\t\t\t\t<div class=\"e-con-inner\">\n\t\t\t\t<div class=\"elementor-element elementor-element-dbc5f34 elementor-widget elementor-widget-text-editor\" data-id=\"dbc5f34\" data-element_type=\"widget\" data-e-type=\"widget\" data-widget_type=\"text-editor.default\">\n\t\t\t\t<div class=\"elementor-widget-container\">\n\t\t\t\t\t\t\t\t\t<p><strong><br \/>Commission de gestion\u00a0<\/strong><\/p><p>Gardiens b\u00e9n\u00e9voles : \u00e9quipes de 2 \u00e0 3 personnes se relayant d\u2019une semaine \u00e0 l\u2019autre.<\/p><p>La plupart sont membres de la section et offrent leurs services gratuitement avec beaucoup d\u2019enthousiasme et de bonne volont\u00e9.<br \/><br \/><\/p>\t\t\t\t\t\t\t\t<\/div>\n\t\t\t\t<\/div>\n\t\t\t\t\t<\/div>\n\t\t\t\t<\/div>\n\t\t<div class=\"elementor-element elementor-element-058d073 e-flex e-con-boxed e-con e-parent\" data-id=\"058d073\" data-element_type=\"container\" data-e-type=\"container\">\n\t\t\t\t\t<div class=\"e-con-inner\">\n\t\t\t\t<div class=\"elementor-element elementor-element-9f31ee8 elementor-widget elementor-widget-spacer\" data-id=\"9f31ee8\" data-element_type=\"widget\" data-e-type=\"widget\" data-widget_type=\"spacer.default\">\n\t\t\t\t<div class=\"elementor-widget-container\">\n\t\t\t\t\t\t\t<div class=\"elementor-spacer\">\n\t\t\t<div class=\"elementor-spacer-inner\"><\/div>\n\t\t<\/div>\n\t\t\t\t\t\t<\/div>\n\t\t\t\t<\/div>\n\t\t\t\t\t<\/div>\n\t\t\t\t<\/div>\n\t\t<div class=\"elementor-element elementor-element-e3f15ed e-flex e-con-boxed e-con e-parent\" data-id=\"e3f15ed\" data-element_type=\"container\" data-e-type=\"container\">\n\t\t\t\t\t<div class=\"e-con-inner\">\n\t\t<div class=\"elementor-element elementor-element-b372551 e-flex e-con-boxed e-con e-child\" data-id=\"b372551\" data-element_type=\"container\" data-e-type=\"container\">\n\t\t\t\t\t<div class=\"e-con-inner\">\n\t\t\t\t<div class=\"elementor-element elementor-element-6fc74a7 elementor-widget elementor-widget-heading\" data-id=\"6fc74a7\" data-element_type=\"widget\" data-e-type=\"widget\" data-widget_type=\"heading.default\">\n\t\t\t\t<div class=\"elementor-widget-container\">\n\t\t\t\t\t<h2 class=\"elementor-heading-title elementor-size-default\"><span style=\"color: var( --e-global-color-primary );font-family: var( --e-global-typography-primary-font-family ), Sans-serif;font-size: 1.625rem;font-weight: var( --e-global-typography-primary-font-weight );text-align: var(--text-align)\">Gardiennage<\/span><\/h2>\t\t\t\t<\/div>\n\t\t\t\t<\/div>\n\t\t\t\t\t<\/div>\n\t\t\t\t<\/div>\n\t\t\t\t\t<\/div>\n\t\t\t\t<\/div>\n\t\t<div class=\"elementor-element elementor-element-31609bc e-con-full e-flex e-con e-parent\" data-id=\"31609bc\" data-element_type=\"container\" data-e-type=\"container\">\n\t\t\t\t<div class=\"elementor-element elementor-element-6d10d18 elementor-widget elementor-widget-text-editor\" data-id=\"6d10d18\" data-element_type=\"widget\" data-e-type=\"widget\" data-widget_type=\"text-editor.default\">\n\t\t\t\t<div class=\"elementor-widget-container\">\n\t\t\t\t\t\t\t\t\t<table><tbody><tr><td><p>Du 15 mars au<br \/>23 mars<\/p><\/td><td><p>Jacques et Dominique Bedoy<\/p><\/td><\/tr><tr><td><p>Du 23 mars au<br \/>2 avril<\/p><\/td><td><p>Annick et Jo\u00ebl Lovey<\/p><\/td><\/tr><tr><td><p>Du 2 avril au<br \/>13 avril<\/p><\/td><td><p>Hans Diethelm et Fran\u00e7oise Chautems<\/p><\/td><\/tr><tr><td><p>Du 13 avril au<br \/>23 avril<\/p><\/td><td><p>Etienne et Genevi\u00e8ve Uyttebroeck<\/p><\/td><\/tr><tr><td><p>Du 08 juin au<br \/>16 juin<\/p><\/td><td><p>Bernard Br\u00fcnisholz et Michel Abplanalp<\/p><\/td><\/tr><tr><td><p>Du 16 juin au<br \/>23 juin<\/p><\/td><td><p>Bernard Huguenin et Sonia Jucker<\/p><\/td><\/tr><tr><td><p>Du 23 juin au<br \/>30 juin<\/p><\/td><td><p>Annick et Jo\u00ebl Lovey<\/p><\/td><\/tr><tr><td><p>Du 30 juin au<br \/>7 juillet<\/p><\/td><td><p>Claudine et Andr\u00e9 Munday<\/p><\/td><\/tr><tr><td><p>Du 7 juillet au<br \/>14 juillet<\/p><\/td><td><p>Laurence et Lucas Studler<\/p><\/td><\/tr><tr><td><p>Du 14 juillet au<br \/>21 juillet<\/p><\/td><td><p>Annick et Jo\u00ebl Lovey<\/p><\/td><\/tr><tr><td><p>Du 21 juillet au<br \/>28 juillet<\/p><\/td><td><p>Verena Ravasio et Josiane Gerber<\/p><\/td><\/tr><tr><td><p>Du 28 juillet au<br \/>4 ao\u00fbt<\/p><\/td><td><p>Andr\u00e9e Mottier et Albertino Santos<\/p><\/td><\/tr><tr><td><p>Du 4 ao\u00fbt au<br \/>11 ao\u00fbt<\/p><\/td><td><p>Martine et Gilles Felber<\/p><\/td><\/tr><tr><td><p>Du 11 ao\u00fbt au<br \/>18 ao\u00fbt<\/p><\/td><td><p>Dominique Gouzi et Jean-Marc Schouller<\/p><\/td><\/tr><tr><td><p>Du 18 ao\u00fbt au<br \/>25 ao\u00fbt<\/p><\/td><td><p>Val\u00e9rie et St\u00e9phane Robert<\/p><\/td><\/tr><tr><td><p>Du 25 ao\u00fbt au 1 sept.<\/p><\/td><td><p>Jean-Luc et H\u00e9l\u00e8ne Laubscher<\/p><\/td><\/tr><tr><td><p>Du 1 sept. au<br \/>9 sept.<\/p><\/td><td><p>Jacques et Dominique Bedoy<\/p><\/td><\/tr><tr><td><p>Du 9 sept au<br \/>15 sept.<\/p><\/td><td><p>Jacques et Dominique Bedoy<\/p><\/td><\/tr><\/tbody><\/table>\t\t\t\t\t\t\t\t<\/div>\n\t\t\t\t<\/div>\n\t\t\t\t<\/div>\n\t\t\t\t<\/div>\n\t\t","protected":false},"excerpt":{"rendered":"<p>Team Pr\u00e9pos\u00e9 Michel Abplanalp Responsable \u00e9conomat Annick Lovey Responsable technique Jacques Bedoy Commission de gestion\u00a0 Gardiens b\u00e9n\u00e9voles : \u00e9quipes de 2 \u00e0 3 personnes se relayant d\u2019une semaine \u00e0 l\u2019autre. La plupart sont membres de la section et offrent leurs services gratuitement avec beaucoup d\u2019enthousiasme et de bonne volont\u00e9. Gardiennage Du 15 mars au23 mars &hellip; <\/p>\n<p class=\"link-more\"><a href=\"https:\/\/saleinaz.cas-neuchatel.ch\/?page_id=159\" class=\"more-link\">Continuer la lecture<span class=\"screen-reader-text\"> de &laquo;&nbsp;La cabane &#8211; Team &#038; Gardiennage&nbsp;&raquo;<\/span><\/a><\/p>\n","protected":false},"author":1,"featured_media":0,"parent":0,"menu_order":0,"comment_status":"closed","ping_status":"closed","template":"","meta":{"footnotes":""},"class_list":["post-159","page","type-page","status-publish","hentry"],"_links":{"self":[{"href":"https:\/\/saleinaz.cas-neuchatel.ch\/index.php?rest_route=\/wp\/v2\/pages\/159","targetHints":{"allow":["GET"]}}],"collection":[{"href":"https:\/\/saleinaz.cas-neuchatel.ch\/index.php?rest_route=\/wp\/v2\/pages"}],"about":[{"href":"https:\/\/saleinaz.cas-neuchatel.ch\/index.php?rest_route=\/wp\/v2\/types\/page"}],"author":[{"embeddable":true,"href":"https:\/\/saleinaz.cas-neuchatel.ch\/index.php?rest_route=\/wp\/v2\/users\/1"}],"replies":[{"embeddable":true,"href":"https:\/\/saleinaz.cas-neuchatel.ch\/index.php?rest_route=%2Fwp%2Fv2%2Fcomments&post=159"}],"version-history":[{"count":29,"href":"https:\/\/saleinaz.cas-neuchatel.ch\/index.php?rest_route=\/wp\/v2\/pages\/159\/revisions"}],"predecessor-version":[{"id":435,"href":"https:\/\/saleinaz.cas-neuchatel.ch\/index.php?rest_route=\/wp\/v2\/pages\/159\/revisions\/435"}],"wp:attachment":[{"href":"https:\/\/saleinaz.cas-neuchatel.ch\/index.php?rest_route=%2Fwp%2Fv2%2Fmedia&parent=159"}],"curies":[{"name":"wp","href":"https:\/\/api.w.org\/{rel}","templated":true}]}}