{"id":149,"date":"2023-10-02T20:34:10","date_gmt":"2023-10-02T18:34:10","guid":{"rendered":"https:\/\/saleinaz.cas-neuchatel.ch\/?page_id=149"},"modified":"2024-03-15T12:50:36","modified_gmt":"2024-03-15T10:50:36","slug":"tarifs","status":"publish","type":"page","link":"https:\/\/saleinaz.cas-neuchatel.ch\/?page_id=149","title":{"rendered":"La cabane &#8211; Tarifs"},"content":{"rendered":"\t\t<div data-elementor-type=\"wp-page\" data-elementor-id=\"149\" class=\"elementor elementor-149\">\n\t\t\t\t<div class=\"elementor-element elementor-element-2f6d334 e-flex e-con-boxed e-con e-parent\" data-id=\"2f6d334\" data-element_type=\"container\" data-e-type=\"container\">\n\t\t\t\t\t<div class=\"e-con-inner\">\n\t\t<div class=\"elementor-element elementor-element-6a10b9f e-flex e-con-boxed e-con e-child\" data-id=\"6a10b9f\" data-element_type=\"container\" data-e-type=\"container\">\n\t\t\t\t\t<div class=\"e-con-inner\">\n\t\t\t\t<div class=\"elementor-element elementor-element-e4c4894 elementor-widget elementor-widget-heading\" data-id=\"e4c4894\" data-element_type=\"widget\" data-e-type=\"widget\" data-widget_type=\"heading.default\">\n\t\t\t\t<div class=\"elementor-widget-container\">\n\t\t\t\t\t<h2 class=\"elementor-heading-title elementor-size-default\">Tarifs<\/h2>\t\t\t\t<\/div>\n\t\t\t\t<\/div>\n\t\t\t\t\t<\/div>\n\t\t\t\t<\/div>\n\t\t\t\t\t<\/div>\n\t\t\t\t<\/div>\n\t\t<div class=\"elementor-element elementor-element-997f53d e-flex e-con-boxed e-con e-parent\" data-id=\"997f53d\" data-element_type=\"container\" data-e-type=\"container\">\n\t\t\t\t\t<div class=\"e-con-inner\">\n\t\t\t\t<div class=\"elementor-element elementor-element-60c3cdf elementor-widget elementor-widget-text-editor\" data-id=\"60c3cdf\" data-element_type=\"widget\" data-e-type=\"widget\" data-widget_type=\"text-editor.default\">\n\t\t\t\t<div class=\"elementor-widget-container\">\n\t\t\t\t\t\t\t\t\t<p><\/p>\n<div style=\"height: 100px;\" aria-hidden=\"true\"><span style=\"font-size: 1rem;\">Tous les prix s&rsquo;entendent en CHF et par personne.<\/span><\/div>\n<p><\/p>\n<p><\/p>\n<figure>\n<table>\n<tbody>\n<tr>\n<td>\u00a0<\/td>\n<td data-align=\"center\">Nuit\u00e9e<\/td>\n<td data-align=\"center\">Avec 1\/2 pension<\/td>\n<\/tr>\n<tr>\n<td>Guides <span style=\"font-weight: 400;\">en exercice + accompagnateur certifi\u00e9<\/span><\/td>\n<td data-align=\"center\">*<\/td>\n<td data-align=\"center\">40.00<\/td>\n<\/tr>\n<tr>\n<td>Membres du Club Alpin Suisse<br \/>Membres d\u2019organisations accordant le droit de r\u00e9ciprocit\u00e9<br \/>Tous les fonctionnaires en service de l\u2019arm\u00e9e, de la protection civile des gardes <br \/>fronti\u00e8res, de la police et des organisations de sauvetage\u00a0<\/td>\n<td data-align=\"center\">23.00<\/td>\n<td data-align=\"center\">63.00<\/td>\n<\/tr>\n<tr>\n<td>Membres jeunesse du Club Alpin Suisse (de 11 \u00e0 22 ans)<br \/>Membres jeunesse du Club Alpin Suisse (jusqu\u2019\u00e0 10 ans r\u00e9volus)<\/td>\n<td data-align=\"center\">12.00<\/td>\n<td data-align=\"center\">52.00<br \/>32.00<\/td>\n<\/tr>\n<tr>\n<td>\n<p>Jeunes (de 11 \u00e0 17 ans r\u00e9volus)\u00a0<br \/>Jeunes (jusqu&rsquo;\u00e0 10 ans)<\/p>\n<\/td>\n<td data-align=\"center\">17.00<\/td>\n<td data-align=\"center\">57.00<br \/>37.00<\/td>\n<\/tr>\n<tr>\n<td>Tous les autres visiteurs d\u00e8s 18 ans\u00a0<\/td>\n<td data-align=\"center\">34.00<\/td>\n<td data-align=\"center\">74.00<\/td>\n<\/tr>\n<tr>\n<td>Enfants de moins de 6 ans<\/td>\n<td data-align=\"center\">gratuit<\/td>\n<td data-align=\"center\">20.00<\/td>\n<\/tr>\n<\/tbody>\n<\/table>\n<figcaption>* Les nuit\u00e9es pour les guides sont gratuites.<br \/><br \/><\/figcaption>\n<\/figure>\n<p><\/p>\t\t\t\t\t\t\t\t<\/div>\n\t\t\t\t<\/div>\n\t\t\t\t\t<\/div>\n\t\t\t\t<\/div>\n\t\t<div class=\"elementor-element elementor-element-877cc60 e-flex e-con-boxed e-con e-parent\" data-id=\"877cc60\" data-element_type=\"container\" data-e-type=\"container\">\n\t\t\t\t\t<div class=\"e-con-inner\">\n\t\t\t\t<div class=\"elementor-element elementor-element-f13b492 elementor-widget elementor-widget-text-editor\" data-id=\"f13b492\" data-element_type=\"widget\" data-e-type=\"widget\" data-widget_type=\"text-editor.default\">\n\t\t\t\t<div class=\"elementor-widget-container\">\n\t\t\t\t\t\t\t\t\t<p><b>Les personnes n&rsquo;honorant pas leur r\u00e9servation sans en avertir les gardiens (no show) devront s&rsquo;aquitter d&rsquo;un montant de CHF 40.00.<\/b><\/p>\t\t\t\t\t\t\t\t<\/div>\n\t\t\t\t<\/div>\n\t\t\t\t\t<\/div>\n\t\t\t\t<\/div>\n\t\t<div class=\"elementor-element elementor-element-b778bb6 e-flex e-con-boxed e-con e-parent\" data-id=\"b778bb6\" data-element_type=\"container\" data-e-type=\"container\">\n\t\t\t\t\t<div class=\"e-con-inner\">\n\t\t\t\t<div class=\"elementor-element elementor-element-930fd42 elementor-widget elementor-widget-text-editor\" data-id=\"930fd42\" data-element_type=\"widget\" data-e-type=\"widget\" data-widget_type=\"text-editor.default\">\n\t\t\t\t<div class=\"elementor-widget-container\">\n\t\t\t\t\t\t\t\t\t<p>Un sac de couchage int\u00e9rieur (sac de soie ou de coton) est obligatoire.<br \/><br \/>Pour des raisons d&rsquo;hygi\u00e8ne, les animaux ne sont pas admis en cas de s\u00e9jour \u00e0 la cabane.<br \/><br \/>Le bivouac\/camping \u00e9tant interdit aux alentours de la cabane, vous pouvez r\u00e9server la nuit\u00e9e et cuisiner dans le local d&rsquo;hiver.<\/p>\t\t\t\t\t\t\t\t<\/div>\n\t\t\t\t<\/div>\n\t\t\t\t\t<\/div>\n\t\t\t\t<\/div>\n\t\t<div class=\"elementor-element elementor-element-7229380 e-flex e-con-boxed e-con e-parent\" data-id=\"7229380\" data-element_type=\"container\" data-e-type=\"container\">\n\t\t\t\t\t<div class=\"e-con-inner\">\n\t\t\t\t<div class=\"elementor-element elementor-element-f94caa9 elementor-widget elementor-widget-spacer\" data-id=\"f94caa9\" data-element_type=\"widget\" data-e-type=\"widget\" data-widget_type=\"spacer.default\">\n\t\t\t\t<div class=\"elementor-widget-container\">\n\t\t\t\t\t\t\t<div class=\"elementor-spacer\">\n\t\t\t<div class=\"elementor-spacer-inner\"><\/div>\n\t\t<\/div>\n\t\t\t\t\t\t<\/div>\n\t\t\t\t<\/div>\n\t\t\t\t\t<\/div>\n\t\t\t\t<\/div>\n\t\t<div class=\"elementor-element elementor-element-83d7c0a e-flex e-con-boxed e-con e-parent\" data-id=\"83d7c0a\" data-element_type=\"container\" data-e-type=\"container\">\n\t\t\t\t\t<div class=\"e-con-inner\">\n\t\t<div class=\"elementor-element elementor-element-b6913fb e-flex e-con-boxed e-con e-child\" data-id=\"b6913fb\" data-element_type=\"container\" data-e-type=\"container\">\n\t\t\t\t\t<div class=\"e-con-inner\">\n\t\t\t\t<div class=\"elementor-element elementor-element-9f72798 elementor-widget elementor-widget-heading\" data-id=\"9f72798\" data-element_type=\"widget\" data-e-type=\"widget\" data-widget_type=\"heading.default\">\n\t\t\t\t<div class=\"elementor-widget-container\">\n\t\t\t\t\t<h2 class=\"elementor-heading-title elementor-size-default\">R\u00e9servation pendant gardiennage<\/h2>\t\t\t\t<\/div>\n\t\t\t\t<\/div>\n\t\t\t\t\t<\/div>\n\t\t\t\t<\/div>\n\t\t\t\t\t<\/div>\n\t\t\t\t<\/div>\n\t\t<div class=\"elementor-element elementor-element-0473bcf e-flex e-con-boxed e-con e-parent\" data-id=\"0473bcf\" data-element_type=\"container\" data-e-type=\"container\">\n\t\t\t\t\t<div class=\"e-con-inner\">\n\t\t\t\t<div class=\"elementor-element elementor-element-e62edb7 elementor-widget elementor-widget-text-editor\" data-id=\"e62edb7\" data-element_type=\"widget\" data-e-type=\"widget\" data-widget_type=\"text-editor.default\">\n\t\t\t\t<div class=\"elementor-widget-container\">\n\t\t\t\t\t\t\t\t\t<p>Merci d&rsquo;utiliser prioritairement notre service de r\u00e9servation\u00a0<a href=\"https:\/\/www.alpsonline.org\/reservation\/calendar?hut_id=382&amp;lang=fr&amp;head\" target=\"_blank\" rel=\"noopener\">Alpsonline.org<\/a>.<\/p>\t\t\t\t\t\t\t\t<\/div>\n\t\t\t\t<\/div>\n\t\t\t\t\t<\/div>\n\t\t\t\t<\/div>\n\t\t<div class=\"elementor-element elementor-element-3032339 e-flex e-con-boxed e-con e-parent\" data-id=\"3032339\" data-element_type=\"container\" data-e-type=\"container\">\n\t\t\t\t\t<div class=\"e-con-inner\">\n\t\t\t\t<div class=\"elementor-element elementor-element-d95df7b elementor-widget elementor-widget-spacer\" data-id=\"d95df7b\" data-element_type=\"widget\" data-e-type=\"widget\" data-widget_type=\"spacer.default\">\n\t\t\t\t<div class=\"elementor-widget-container\">\n\t\t\t\t\t\t\t<div class=\"elementor-spacer\">\n\t\t\t<div class=\"elementor-spacer-inner\"><\/div>\n\t\t<\/div>\n\t\t\t\t\t\t<\/div>\n\t\t\t\t<\/div>\n\t\t\t\t\t<\/div>\n\t\t\t\t<\/div>\n\t\t<div class=\"elementor-element elementor-element-20de3bd e-flex e-con-boxed e-con e-parent\" data-id=\"20de3bd\" data-element_type=\"container\" data-e-type=\"container\">\n\t\t\t\t\t<div class=\"e-con-inner\">\n\t\t<div class=\"elementor-element elementor-element-104d269 e-flex e-con-boxed e-con e-child\" data-id=\"104d269\" data-element_type=\"container\" data-e-type=\"container\">\n\t\t\t\t\t<div class=\"e-con-inner\">\n\t\t\t\t<div class=\"elementor-element elementor-element-2328202 elementor-widget elementor-widget-heading\" data-id=\"2328202\" data-element_type=\"widget\" data-e-type=\"widget\" data-widget_type=\"heading.default\">\n\t\t\t\t<div class=\"elementor-widget-container\">\n\t\t\t\t\t<h2 class=\"elementor-heading-title elementor-size-default\">R\u00e9servation hors gardiennage<\/h2>\t\t\t\t<\/div>\n\t\t\t\t<\/div>\n\t\t\t\t\t<\/div>\n\t\t\t\t<\/div>\n\t\t\t\t\t<\/div>\n\t\t\t\t<\/div>\n\t\t<div class=\"elementor-element elementor-element-ecb3458 e-flex e-con-boxed e-con e-parent\" data-id=\"ecb3458\" data-element_type=\"container\" data-e-type=\"container\">\n\t\t\t\t\t<div class=\"e-con-inner\">\n\t\t\t\t<div class=\"elementor-element elementor-element-b12c2c5 elementor-widget elementor-widget-text-editor\" data-id=\"b12c2c5\" data-element_type=\"widget\" data-e-type=\"widget\" data-widget_type=\"text-editor.default\">\n\t\t\t\t<div class=\"elementor-widget-container\">\n\t\t\t\t\t\t\t\t\t<p>Hors p\u00e9riodes de gardiennage, les nuit\u00e9es peuvent \u00eatre pay\u00e9es avec des bulletins de versement QRcode &#8211; que vous trouverez dans le local d\u2019hiver \u2013 \u00e0 l\u2019ordre de la section neuch\u00e2teloise du Club Alpin Suisse. Les paiements par virement sont \u00e0 verser sur le compte CCP de la section dont le n\u00b0 IBAN est CH45 0900 0000 2000 1896 2 en mentionnant \u00ab\u00a0nuit\u00e9e \u00e0 Saleinaz\u00a0\u00bb<\/p>\n<p>Hors gardiennage, deux dortoirs, 22 places au total et un WC restent ouverts.<\/p>\n<p>Vos r\u00e9servations hors gardiennage peuvent \u00eatre effectu\u00e9es par t\u00e9l\u00e9phone ou e-mail.<\/p>\t\t\t\t\t\t\t\t<\/div>\n\t\t\t\t<\/div>\n\t\t\t\t\t<\/div>\n\t\t\t\t<\/div>\n\t\t\t\t<\/div>\n\t\t","protected":false},"excerpt":{"rendered":"<p>Tarifs \u00a0 Nuit\u00e9e Avec 1\/2 pension Guides en exercice + accompagnateur certifi\u00e9 * 40.00 Membres du Club Alpin SuisseMembres d\u2019organisations accordant le droit de r\u00e9ciprocit\u00e9Tous les fonctionnaires en service de l\u2019arm\u00e9e, de la protection civile des gardes fronti\u00e8res, de la police et des organisations de sauvetage\u00a0 23.00 63.00 Membres jeunesse du Club Alpin Suisse (de &hellip; <\/p>\n<p class=\"link-more\"><a href=\"https:\/\/saleinaz.cas-neuchatel.ch\/?page_id=149\" class=\"more-link\">Continuer la lecture<span class=\"screen-reader-text\"> de &laquo;&nbsp;La cabane &#8211; Tarifs&nbsp;&raquo;<\/span><\/a><\/p>\n","protected":false},"author":1,"featured_media":0,"parent":0,"menu_order":0,"comment_status":"closed","ping_status":"closed","template":"","meta":{"footnotes":""},"class_list":["post-149","page","type-page","status-publish","hentry"],"_links":{"self":[{"href":"https:\/\/saleinaz.cas-neuchatel.ch\/index.php?rest_route=\/wp\/v2\/pages\/149","targetHints":{"allow":["GET"]}}],"collection":[{"href":"https:\/\/saleinaz.cas-neuchatel.ch\/index.php?rest_route=\/wp\/v2\/pages"}],"about":[{"href":"https:\/\/saleinaz.cas-neuchatel.ch\/index.php?rest_route=\/wp\/v2\/types\/page"}],"author":[{"embeddable":true,"href":"https:\/\/saleinaz.cas-neuchatel.ch\/index.php?rest_route=\/wp\/v2\/users\/1"}],"replies":[{"embeddable":true,"href":"https:\/\/saleinaz.cas-neuchatel.ch\/index.php?rest_route=%2Fwp%2Fv2%2Fcomments&post=149"}],"version-history":[{"count":17,"href":"https:\/\/saleinaz.cas-neuchatel.ch\/index.php?rest_route=\/wp\/v2\/pages\/149\/revisions"}],"predecessor-version":[{"id":413,"href":"https:\/\/saleinaz.cas-neuchatel.ch\/index.php?rest_route=\/wp\/v2\/pages\/149\/revisions\/413"}],"wp:attachment":[{"href":"https:\/\/saleinaz.cas-neuchatel.ch\/index.php?rest_route=%2Fwp%2Fv2%2Fmedia&parent=149"}],"curies":[{"name":"wp","href":"https:\/\/api.w.org\/{rel}","templated":true}]}}